{"id":20,"date":"2017-09-08T18:25:08","date_gmt":"2017-09-08T18:25:08","guid":{"rendered":"http:\/\/plural.com.mx\/plural\/?page_id=20"},"modified":"2019-03-28T13:56:09","modified_gmt":"2019-03-28T19:56:09","slug":"proyectos","status":"publish","type":"page","link":"https:\/\/plural.com.mx\/plural\/proyectos\/","title":{"rendered":"Proyectos"},"content":{"rendered":"\n\t<h1>\n\t\t\t\tNos ajustamos a las necesidades de nuestros clientes\n\t\t\t<\/h1>\n\t<h1>\n\t\t\t\tSector Comercial\n\t\t\t<\/h1>\n\t\t\t<h3>Miyana Comercial<\/h3>\t\t\t\n\t\t\t\t<p>Aplicaci\u00f3n de aislamiento ac\u00fastico y nivelaci\u00f3n de pisos en \u00e1reas de oficina<\/p>\n\t\t\t<h3>Centro Comercial Artz Pedregal<\/h3>\t\t\t\n\t\t\t\t<p>Nivelaci\u00f3n de pisos en \u00e1reas comerciales<\/p>\n\t\t\t<h3>Toreo Parque Central<\/h3>\t\t\t\n\t\t\t\t<p>Aislamiento ac\u00fastico y nivelaci\u00f3n de pisos\u00a0<\/p>\n\t<h1>\n\t\t\t\tSector Residencial y Salud\n\t\t\t<\/h1>\n\t\t\t<h3>High Towers Elite<\/h3>\t\t\t\n\t\t\t\t<p>Aislamiento ac\u00fastico y nivelaci\u00f3n de pisos\u00a0<\/p>\n\t\t\t<h3>Be Grand Alto Polanco<\/h3>\t\t\t\n\t\t\t\t<p>Aplicaci\u00f3n de aislamiento ac\u00fastico y nivelaci\u00f3n de pisos en departamentos<\/p>\n\t\t\t<h3>Red Star Medica<\/h3>\t\t\t\n\t\t\t\t<p>Aislamiento ac\u00fastico y nivelaci\u00f3n de pisos\u00a0<\/p>\n\t<h1>\n\t\t\t\tSector Corporativo y Turismo\n\t\t\t<\/h1>\n\t\t\t<h3>Torre BBVA Bancomer<\/h3>\t\t\t\n\t\t\t\t<p>Aislamiento ac\u00fastico y nivelaci\u00f3n de pisos en oficinas<\/p>\n\t\t\t<h3>Biblioteca Campus Monterrey<\/h3>\t\t\t\n\t\t\t\t<p>Aplicaci\u00f3n de aislamiento ac\u00fastico y nivelaci\u00f3n de pisos<\/p>\n\t\t\t<h3>Hilton Samara Santa F\u00e9<\/h3>\t\t\t\n\t\t\t\t<p>Aislamiento ac\u00fastico y nivelaci\u00f3n de pisos<\/p>\n<h1>\n\t\tResponsabilidad Social\n\t<\/h1>\n\t<p>En <strong>PLURAL<\/strong> apoyamos las buenas causas, es por eso que estamos dispuestos a colaborar en especie con la calidad de nuestros productos y de nuestro servicio.<\/p>\n<p>&nbsp;<\/p>\n<p>Si crees que te podemos ayudar en pro de la calidad de vida de la sociedad, por favor llena el siguiente formulario.<\/p>\n\t<h2>\n\t\t\t\tAportamos una soluci\u00f3n ecoamigable\n\t\t\t<\/h2>\n\t\t<p>Estamos comprometidos con prestar el <strong>mejor servicio<\/strong>, buscando que su proyecto sea <strong>rentable<\/strong> y <strong>sustentable<\/strong>.\u00a0\u00a0Fomentamos el uso de m\u00e9todos y productos que minimicen el impacto ambiental en el mundo. Es por esto que somos\u00a0<strong>socios exclusivos en M\u00e9xico<\/strong> para la l\u00ednea de pisos<strong> USG Level Rock<\/strong>.<\/p>\t\n\t\t\t\t<img loading=\"lazy\" decoding=\"async\" src=\"https:\/\/plural.com.mx\/plural\/wp-content\/uploads\/2017\/09\/USG_logo-300x200.png\" alt=\"USG_logo-300x200\" itemprop=\"image\" height=\"200\" width=\"300\" title=\"USG_logo-300x200\" onerror=\"this.style.display='none'\"  \/>\n\t<h1>\n\t\t\t\tCont\u00e1ctenos\n\t\t\t<\/h1>\n\t<p>Para nosotros es <strong>muy importante<\/strong> atender sus dudas, comentarios y solicitudes. Por es ponemos a su disposici\u00f3n el siguiente formulario de contacto. De igual modo estamos a sus \u00f3rdenes a trav\u00e9s de:<\/p>\n\t<h1>\n\t\t\t\tOficinas Centrales\n\t\t\t<\/h1>\n\t<iframe src=\"https:\/\/www.google.com\/maps\/embed\/v1\/place?q=Av.+Bosques+de+Duraznos+65-607+Bosques+de+las+Lomas&#038;key=AIzaSyD09zQ9PNDNNy9TadMuzRV_UsPUoWKntt8\"><\/iframe>\n\t<h1>\n\t\t\t\tBodega\n\t\t\t<\/h1>\n\t<iframe src=\"https:\/\/www.google.com\/maps\/embed\/v1\/place?q=Prolongaci%C3%B3n+5+de+Mayo+15%2C+El+Torito%2C+Naucalpan+de+Ju%C3%A1rez&#038;key=AIzaSyD09zQ9PNDNNy9TadMuzRV_UsPUoWKntt8\"><\/iframe>\n\t<h1>\n\t\t\t\tContacto\n\t\t\t<\/h1>\n\t<h3>\n\t\t\t\t<a href=\"mailto:info@plural.com.mx\" title=\"info@plural.com.mx\" target=\"_blank\" rel=\"noopener noreferrer\">\n\t\t\t\tinfo@plural.com.mx\n\t\t\t\t<\/a>\n\t\t\t<\/h3>\n\t<h3>\n\t\tEn Ciudad de M\u00e9xico\n\t<\/h3>\n\t<h3>(55) <a href=\"tel:52942128\">5294 2128<\/a> \/ <a href=\"tel:52943384\">5294 3384<\/a> \/ <a href=\"tel:52943276\">5294 3276<\/a><\/h3>\n<h3>\n\t\tEn todo M\u00e9xico\n\t<\/h3>\n\t<h3>\n\t\t\t\t<a href=\"tel: 018008230550\" title=\" 01800 823 0550\" target=\"_self\" rel=\"noopener noreferrer\">\n\t\t\t\t 01800 823 0550\n\t\t\t\t<\/a>\n\t\t\t<\/h3>\n\t\t\t\t\t\t<h4>Aviso de Privacidad<\/h4>\n\t\t\t<p>Fecha de creaci\u00f3n Nov 18, 2014 3:04 PM \/ Folio: 172495208<\/p>\n<p><strong>Aviso de Privacidad<\/strong><\/p>\n<p>COMERCIALIZADORA PLURAL SA DE CV<\/p>\n<p>Tiempo promedio de lectura: 2 min. 25 seg.<\/p>\n<p>Este Aviso describe la forma en que recabamos y usamos los datos personales que usted nos brinda, uso que ser\u00e1 el necesario, adecuado y relevante en relaci\u00f3n con las finalidades determinadas previstas en este documento. Tambi\u00e9n describe qu\u00e9 tipo de datos son y qu\u00e9 opciones tiene para limitar el uso de dichos datos, as\u00ed como el procedimiento para ejercer sus derechos ARCO, en cumplimiento a los principios de Licitud, Consentimiento, Calidad, Informaci\u00f3n, Finalidad, Lealtad, Proporcionalidad y Responsabilidad que la ley establece.<\/p>\n<p>1) Responsable de la protecci\u00f3n de sus datos personales<\/p>\n<p>COMERCIALIZADORA PLURAL SA DE CV, con domicilio en BOSQUE DE DURAZNOS 65 DESPACHO 607-A BOSQUES DE LAS LOMAS MIGUEL HIDALGO MEXICO, DISTRITO FEDERAL 11700. M\u00e9xico, es responsable del tratamiento (uso) de sus Datos Personales.<\/p>\n<p>2) Nuestro Departamento de Protecci\u00f3n de Datos Jefe o \u00c1rea: TESORERIA Y FINANZAS (DAVID UBALDO ESCOBAR OLGUIN) Domicilio: BOSQUE DE DURAZNOS 65 DESPACHO 607-A BOSQUES DE LAS LOMAS MIGUEL HIDALGO,\u00a0MEXICO, DISTRITO FEDERAL 11700, M\u00e9xico. Correo electr\u00f3nico:\u00a0<a href=\"mailto:david@plural.com.mx\">david@plural.com.mx\u00a0<\/a>Tel\u00e9fono: 0155.52.94.21.28 EXT 105\u00a0<\/p>\n<p>3) \u00bfPara qu\u00e9 fines recabamos y utilizamos sus datos personales? Sus datos personales ser\u00e1n utilizados para las siguientes finalidades: Proveer los productos solicitados. Proveer los servicios solicitados y\/o contratados. Responder a sus requerimientos de informaci\u00f3n, atenci\u00f3n y servicio. Evaluar la calidad del servicio que le brindamos. Archivo de registros y expediente de la relaci\u00f3n contractual para seguimiento de servicios futuros. Gesti\u00f3n financiera, facturaci\u00f3n y cobro.\u00a0<\/p>\n<p>4) \u00bfQu\u00e9 datos personales obtenemos y de d\u00f3nde? Para las finalidades se\u00f1aladas anteriormente podemos recabar sus datos personales de distintas formas:\u00a0<\/p>\n<p>&#8211; Cuando visita nuestro sitio de Internet o utiliza nuestros servicios en l\u00ednea.\u00a0<\/p>\n<p>&#8211; Por tel\u00e9fono o fax.\u00a0<\/p>\n<p>&#8211; Cuando obtenemos informaci\u00f3n a trav\u00e9s de otras fuentes de acceso p\u00fablico que est\u00e1n permitidas por la ley (Directorios telef\u00f3nicos o laborales, sitios web, etc). Datos personales que recabamos Informaci\u00f3n de contacto (Nombre, Email, Direcci\u00f3n, Tel\u00e9fono, Celular, Fax) Documentaci\u00f3n de identidad (Credencial de Elector, Pasaporte, Licencia de Manejo, Cartilla o C\u00e9dula Profesional) Informaci\u00f3n financiera y medios de pago (Tarjeta de cr\u00e9dito, d\u00e9bito, cheques) Informaci\u00f3n Fiscal (RFC, Direcci\u00f3n de Facturaci\u00f3n) N\u00famero de Seguridad Social (NSS) y\/o CURP Referencias personales (Informaci\u00f3n de personas no familiares) Uso de cookies, web beacons y JavaScript Una cookie es informaci\u00f3n que un sitio web almacena en su computadora mediante el uso de un navegador o explorador de internet. Una cookie permite que los sitios web registren sus actividades de navegaci\u00f3n en internet \u2013 como por ejemplo, cu\u00e1les son las p\u00e1ginas y contenidos que estuvo mirando, cu\u00e1ndo los visit\u00f3, qu\u00e9 busc\u00f3, y si usted hizo clic sobre alg\u00fan recurso. Los datos recolectados por las cookies se pueden combinar para crear un perfil de sus actividades en internet. Las web beacons en conjunto con los JavaScripts de m\u00e9tricas web permiten almacenar informaci\u00f3n sobre los patrones de uso de nuestro sitio web. Le informamos que utilizamos esas herramientas para obtener informaci\u00f3n estad\u00edstica como la siguiente: Tipo de navegador y sistema operativo, las p\u00e1ginas de Internet consultadas, origen de la visita, la direcci\u00f3n IP de acceso, tiempo de permanencia en nuestro sitio, entre otros datos estad\u00edsticos. Las cookies, el JavaScript y otras tecnolog\u00edas de seguimiento y rastreo pueden ser deshabilitadas, sin embargo, desactivarlas puede generar que el sitio web o algunas de sus funcionalidades no se desempe\u00f1en adecuadamente. Para revisar las configuraciones y en su caso deshabilitarlas, use la pesta\u00f1a \u2018Ayuda\u2019 (Help), o busque en \u2018Herramientas\u2019 (Tools) la configuraci\u00f3n de \u2018Opciones\u2019 (Options) o \u2018Privacidad\u2019 (Privacy) de su navegador. Desde all\u00ed, puede eliminar las cookies, o controlar en qu\u00e9 caso usted permite instalarlas. Hay algunos navegadores que permiten instalar herramientas software complementarias (add-on software tools) para bloquear, eliminar o controlar las cookies. Y generalmente, los programas de seguridad incluyen opciones para facilitar el control de las cookies.\u00a0<\/p>\n<p>5) \u00bfC\u00f3mo Acceder, Rectificar, Cancelar u Oponerse al uso y tratamiento de sus datos personales (Derechos ARCO)? Usted tiene derecho constitucional de Acceder y conocer los datos personales que poseemos y a los detalles del tratamiento y uso de los mismos, as\u00ed como a Rectificarlos y corregirlos en caso de ser inexactos o incompletos; Cancelarlos y eliminarlos cuando considere que no se requieren para alguna de las finalidades se\u00f1alados en el presente aviso de privacidad, o que est\u00e9n siendo utilizados para finalidades no autorizadas por usted o haya finalizado la relaci\u00f3n jur\u00eddica o de servicio, o bien, Oponerse al tratamiento de los mismos para fines espec\u00edficos. Los mecanismos implementados para el ejercicio de sus Derechos ARCO, as\u00ed como los plazos, informaci\u00f3n y documentaci\u00f3n que debe contener su solicitud se especifican en el apartado de Derechos del Titular (10) localizado en este mismo documento.\u00a0<\/p>\n<p>6) \u00bfC\u00f3mo puede limitar el uso o divulgaci\u00f3n de sus datos personales? Si usted no desea recibir mensajes de nuestra parte que no sean indispensables para cumplir las finalidades se\u00f1aladas, los mecanismos implementados para ello, as\u00ed como los plazos, informaci\u00f3n y documentaci\u00f3n que debe contener su solicitud se especifican en el apartado de Derechos del Titular (10) localizado en este mismo documento.\u00a0<\/p>\n<p>7) \u00bfC\u00f3mo revocar el consentimiento para el tratamiento de sus datos personales? Si usted desea revocar el consentimiento que nos otorg\u00f3 para el uso de sus datos personales, los mecanismos implementados para ello as\u00ed como los plazos, informaci\u00f3n y documentaci\u00f3n que debe contener su solicitud se especifican en el apartado de Derechos del Titular (10) localizado en este mismo documento.\u00a0<\/p>\n<p>8) Transferencia de datos personales A continuaci\u00f3n le informamos de las transferencias sobre las cuales usted puede manifestar su negativa para que sean realizadas. Su informaci\u00f3n puede ser compartida con FABRICA DE SOLUCIONES RAK SA DE CV,con las siguientes finalidades: UNICAMENTE PARA MARKETING O PUBLICIDAD DE NUESTROS PRODUCTOS Y SERVICIOS. Si usted desea manifestar su negativa para que sus datos personales sean transferidos en los t\u00e9rminos de este Aviso de Privacidad, el mecanismo implementado para ello se especifica en el apartado de Derechos del Titular (10) localizado en este mismo documento. Si no manifiesta su negativa, entendemos que ha otorgado su consentimiento para efectuar las transferencias se\u00f1aladas. Sin perjuicio de lo anterior, le informamos que quedan a salvo sus derechos de revocaci\u00f3n del consentimiento u oposici\u00f3n.\u00a0<\/p>\n<p>9) Modificaciones al aviso de privacidad Nos reservamos el derecho de efectuar en cualquier momento modificaciones al presente Aviso de Privacidad, para la atenci\u00f3n de novedades legislativas, pol\u00edticas internas o nuevos requerimientos para cumplir con las finalidades previstas. Estas modificaciones estar\u00e1n disponibles a los Titulares en la direcci\u00f3n web:\u00a0<a href=\"http:\/\/www.plural.com.mx\/\">http:\/\/www.plural.com.mx\/<\/a><\/p>\n<p>10) Derechos del Titular COMERCIALIZADORA PLURAL SA DE CV ha implementado el siguiente procedimiento para el Ejercicio de Derechos del Titular respecto de sus Datos Personales. Instrucciones:\u00a0<\/p>\n<p>1. Solicite al correo electr\u00f3nico:\u00a0<a href=\"mailto:david@plural.com.mx\">david@plural.com.mx<\/a>\u00a0el Formato correspondiente (ARCO, revocar consentimiento, limitar uso, negativa de transferencia).\u00a0<\/p>\n<p>2. Lea atentamente los requisitos e indicaciones que se describen en el formato.\u00a0<\/p>\n<p>3. Remita la solicitud completa al correo electr\u00f3nico:\u00a0<a href=\"mailto:david@plural.com.mx\">david@plural.com.mx<\/a><\/p>\n<p>4. Confirme la recepci\u00f3n de su solicitud al tel\u00e9fono: 0155.52.94.21.28 EXT 105\u00a0<\/p>\n<p>11) \u00bfAnte qui\u00e9n puede presentar sus quejas o denuncias por el tratamiento indebido de sus datos personales?\u00a0<\/p>\n<p>Si despu\u00e9s de haber ejercido sus Derechos de Protecci\u00f3n de Datos ante COMERCIALIZADORA PLURAL SA DE CV por medio de los mecanismos establecidos en este Aviso de Privacidad, considera que su derecho de protecci\u00f3n de datos personales ha sido lesionado por alguna conducta u omisi\u00f3n de nuestra parte; o cuenta con evidencia de que en el tratamiento de sus datos personales existe alguna violaci\u00f3n a las disposiciones previstas en la LFPDPPP, le invitamos a ponerse en contacto nuevamente con nosotros para agotar todos los procedimientos internos a efecto de satisfacer plenamente su solicitud.<\/p>\n<p><img decoding=\"async\" src=\"http:\/\/www.plural.com.mx\/images\/prodato.png\" alt=\"\" \/><\/p>\n<p>De no ser el caso, usted podr\u00e1 interponer la queja correspondiente ante el IFAI.\u00a0<\/p>\n<p>Para mayor informaci\u00f3n visite:\u00a0<a href=\"http:\/\/www.ifai.org.mx\/\">www.ifai.org.mx<\/a><\/p>\n<p><img decoding=\"async\" src=\"http:\/\/www.plural.com.mx\/images\/ifai.png\" alt=\"\" \/><\/p>\n<p>Fecha de creaci\u00f3n Nov 18, 2014 3:04 PM \/ Folio: 172495208<\/p>\n\t\t\t\t\t\t<h4>Aviso Legal<\/h4>\n\t\t\t<p><strong>Propiedad Intelectual e Industrial<\/strong><\/p>\n<p>Los derechos de propiedad intelectual de este sitio de internet, su dise\u00f1o gr\u00e1fico y los c\u00f3digos que contiene, son titularidad de Plural S.A. de C.V. a no ser que se indique una titularidad diferente. La reproducci\u00f3n, distribuci\u00f3n, comercializaci\u00f3n o transformaci\u00f3n no autorizadas de los mismos, a no ser que sea para uso personal y privado, constituye una infracci\u00f3n de los derechos de propiedad intelectual de Plural S.A. de C.V. o de aquel que sea titular. Igualmente, todos los nombres comerciales, marcas o signos distintivos de cualquier clase contenidos en el sitio web son propiedad de sus respectivos propietarios y pueden estar protegidos por la Ley.<\/p>\n<p>Adem\u00e1s, la informaci\u00f3n a la que se puede acceder a trav\u00e9s del sitio web, puede estar protegida por derechos de propiedad industrial, intelectual o de otra naturaleza.<\/p>\n<p>Se utilizan algunas copias de Elementos multimedia (im\u00e1genes) que son propiedad de las empresas enlistadas como Clientes. Se incluye este aviso legal de derechos de autor siguiendo las instrucciones de condiciones de uso de Elementos multimedia.<\/p>\n<p><strong>Contenidos<\/strong><\/p>\n<p>Plural S.A. de C.V. se reserva la facultad de efectuar, en cualquier momento y sin necesidad de previo aviso, modificaciones y actualizaciones sobre la informaci\u00f3n contenida en su sitio web o en su configuraci\u00f3n o presentaci\u00f3n.<\/p>\n<p>Plural S.A. de C.V. no garantiza la inexistencia de errores en el acceso al sitio web, en su contenido, ni que \u00e9ste se encuentre oportunamente actualizado, aunque desarrollar\u00e1 los esfuerzos precisos para evitarlos y, en su caso, repararlos o actualizarlos lo antes posible.<\/p>\n<p>Tanto el acceso al sitio web, como el uso que pueda hacerse de la informaci\u00f3n que contiene son de la exclusiva responsabilidad de quien lo lleva a cabo. Plural S.A. de C.V. no se responsabilizar\u00e1 de ninguna consecuencia, da\u00f1o o perjuicio que pudieran derivarse de este acceso o uso de informaci\u00f3n, con excepci\u00f3n de todas aquellas actuaciones que resulten de la aplicaci\u00f3n de las disposiciones legales a las que deba someterse el estricto ejercicio de sus competencias.<\/p>\n<p>Plural S.A. de C.V. no asume ninguna responsabilidad derivada de la conexi\u00f3n o contenidos de los enlaces hipertextuales de terceros a los que se hace referencia en el sitio web. Plural S.A. de C.V. no es responsable del uso por parte de terceros de la informaci\u00f3n contenida en este sitio web de internet.<\/p>\n<p>La utilizaci\u00f3n no autorizada de la informaci\u00f3n contenida en este sitio web, as\u00ed como los perjuicios ocasionados en los derechos de propiedad intelectual e industrial de Plural S.A. de C.V., pueden dar lugar al ejercicio de las acciones que legalmente correspondan y, si procede, a las responsabilidades que de dicho ejercicio se deriven.<\/p>\n\t","protected":false},"excerpt":{"rendered":"<p>Nos ajustamos a las necesidades de nuestros clientes Sector Comercial Miyana Comercial Aplicaci\u00f3n de aislamiento ac\u00fastico y nivelaci\u00f3n de pisos en \u00e1reas de oficina Centro Comercial Artz Pedregal Nivelaci\u00f3n de pisos en \u00e1reas comerciales Toreo Parque Central Aislamiento ac\u00fastico y nivelaci\u00f3n de pisos\u00a0 Sector Residencial y Salud High Towers Elite Aislamiento ac\u00fastico y nivelaci\u00f3n de [&hellip;]<\/p>\n","protected":false},"author":1,"featured_media":0,"parent":0,"menu_order":0,"comment_status":"closed","ping_status":"closed","template":"","meta":{"_mi_skip_tracking":false,"footnotes":""},"class_list":["post-20","page","type-page","status-publish","hentry"],"yoast_head":"<!-- This site is optimized with the Yoast SEO plugin v27.3 - https:\/\/yoast.com\/product\/yoast-seo-wordpress\/ -->\n<title>Proyectos - Comercializadora Plural<\/title>\n<meta name=\"robots\" content=\"index, follow, max-snippet:-1, max-image-preview:large, max-video-preview:-1\" \/>\n<link rel=\"canonical\" href=\"https:\/\/plural.com.mx\/plural\/proyectos\/\" \/>\n<meta property=\"og:locale\" content=\"es_MX\" \/>\n<meta property=\"og:type\" content=\"article\" \/>\n<meta property=\"og:title\" content=\"Proyectos - Comercializadora Plural\" \/>\n<meta property=\"og:description\" content=\"Nos ajustamos a las necesidades de nuestros clientes Sector Comercial Miyana Comercial Aplicaci\u00f3n de aislamiento ac\u00fastico y nivelaci\u00f3n de pisos en \u00e1reas de oficina Centro Comercial Artz Pedregal Nivelaci\u00f3n de pisos en \u00e1reas comerciales Toreo Parque Central Aislamiento ac\u00fastico y nivelaci\u00f3n de pisos\u00a0 Sector Residencial y Salud High Towers Elite Aislamiento ac\u00fastico y nivelaci\u00f3n de [&hellip;]\" \/>\n<meta property=\"og:url\" content=\"https:\/\/plural.com.mx\/plural\/proyectos\/\" \/>\n<meta property=\"og:site_name\" content=\"Comercializadora Plural\" \/>\n<meta property=\"article:modified_time\" content=\"2019-03-28T19:56:09+00:00\" \/>\n<meta property=\"og:image\" content=\"https:\/\/plural.com.mx\/plural\/wp-content\/uploads\/2017\/09\/USG_logo-300x200.png\" \/>\n<meta name=\"twitter:card\" content=\"summary_large_image\" \/>\n<meta name=\"twitter:label1\" content=\"Tiempo de lectura\" \/>\n\t<meta name=\"twitter:data1\" content=\"11 minutos\" \/>\n<script type=\"application\/ld+json\" class=\"yoast-schema-graph\">{\"@context\":\"https:\\\/\\\/schema.org\",\"@graph\":[{\"@type\":\"WebPage\",\"@id\":\"https:\\\/\\\/plural.com.mx\\\/plural\\\/proyectos\\\/\",\"url\":\"https:\\\/\\\/plural.com.mx\\\/plural\\\/proyectos\\\/\",\"name\":\"Proyectos - Comercializadora Plural\",\"isPartOf\":{\"@id\":\"https:\\\/\\\/plural.com.mx\\\/plural\\\/#website\"},\"primaryImageOfPage\":{\"@id\":\"https:\\\/\\\/plural.com.mx\\\/plural\\\/proyectos\\\/#primaryimage\"},\"image\":{\"@id\":\"https:\\\/\\\/plural.com.mx\\\/plural\\\/proyectos\\\/#primaryimage\"},\"thumbnailUrl\":\"https:\\\/\\\/plural.com.mx\\\/plural\\\/wp-content\\\/uploads\\\/2017\\\/09\\\/USG_logo-300x200.png\",\"datePublished\":\"2017-09-08T18:25:08+00:00\",\"dateModified\":\"2019-03-28T19:56:09+00:00\",\"breadcrumb\":{\"@id\":\"https:\\\/\\\/plural.com.mx\\\/plural\\\/proyectos\\\/#breadcrumb\"},\"inLanguage\":\"es\",\"potentialAction\":[{\"@type\":\"ReadAction\",\"target\":[\"https:\\\/\\\/plural.com.mx\\\/plural\\\/proyectos\\\/\"]}]},{\"@type\":\"ImageObject\",\"inLanguage\":\"es\",\"@id\":\"https:\\\/\\\/plural.com.mx\\\/plural\\\/proyectos\\\/#primaryimage\",\"url\":\"https:\\\/\\\/plural.com.mx\\\/plural\\\/wp-content\\\/uploads\\\/2017\\\/09\\\/USG_logo-300x200.png\",\"contentUrl\":\"https:\\\/\\\/plural.com.mx\\\/plural\\\/wp-content\\\/uploads\\\/2017\\\/09\\\/USG_logo-300x200.png\"},{\"@type\":\"BreadcrumbList\",\"@id\":\"https:\\\/\\\/plural.com.mx\\\/plural\\\/proyectos\\\/#breadcrumb\",\"itemListElement\":[{\"@type\":\"ListItem\",\"position\":1,\"name\":\"Inicio\",\"item\":\"https:\\\/\\\/plural.com.mx\\\/plural\\\/\"},{\"@type\":\"ListItem\",\"position\":2,\"name\":\"Proyectos\"}]},{\"@type\":\"WebSite\",\"@id\":\"https:\\\/\\\/plural.com.mx\\\/plural\\\/#website\",\"url\":\"https:\\\/\\\/plural.com.mx\\\/plural\\\/\",\"name\":\"Comercializadora Plural\",\"description\":\"Expertos en sistemas de nivelaci\u00f3n y ac\u00fastica de pisos\",\"publisher\":{\"@id\":\"https:\\\/\\\/plural.com.mx\\\/plural\\\/#organization\"},\"potentialAction\":[{\"@type\":\"SearchAction\",\"target\":{\"@type\":\"EntryPoint\",\"urlTemplate\":\"https:\\\/\\\/plural.com.mx\\\/plural\\\/?s={search_term_string}\"},\"query-input\":{\"@type\":\"PropertyValueSpecification\",\"valueRequired\":true,\"valueName\":\"search_term_string\"}}],\"inLanguage\":\"es\"},{\"@type\":\"Organization\",\"@id\":\"https:\\\/\\\/plural.com.mx\\\/plural\\\/#organization\",\"name\":\"Comercializadora Plural\",\"url\":\"https:\\\/\\\/plural.com.mx\\\/plural\\\/\",\"logo\":{\"@type\":\"ImageObject\",\"inLanguage\":\"es\",\"@id\":\"https:\\\/\\\/plural.com.mx\\\/plural\\\/#\\\/schema\\\/logo\\\/image\\\/\",\"url\":\"https:\\\/\\\/plural.com.mx\\\/plural\\\/wp-content\\\/uploads\\\/2019\\\/04\\\/cropped-Plural500x190.png\",\"contentUrl\":\"https:\\\/\\\/plural.com.mx\\\/plural\\\/wp-content\\\/uploads\\\/2019\\\/04\\\/cropped-Plural500x190.png\",\"width\":500,\"height\":190,\"caption\":\"Comercializadora Plural\"},\"image\":{\"@id\":\"https:\\\/\\\/plural.com.mx\\\/plural\\\/#\\\/schema\\\/logo\\\/image\\\/\"}}]}<\/script>\n<!-- \/ Yoast SEO plugin. -->","yoast_head_json":{"title":"Proyectos - Comercializadora Plural","robots":{"index":"index","follow":"follow","max-snippet":"max-snippet:-1","max-image-preview":"max-image-preview:large","max-video-preview":"max-video-preview:-1"},"canonical":"https:\/\/plural.com.mx\/plural\/proyectos\/","og_locale":"es_MX","og_type":"article","og_title":"Proyectos - Comercializadora Plural","og_description":"Nos ajustamos a las necesidades de nuestros clientes Sector Comercial Miyana Comercial Aplicaci\u00f3n de aislamiento ac\u00fastico y nivelaci\u00f3n de pisos en \u00e1reas de oficina Centro Comercial Artz Pedregal Nivelaci\u00f3n de pisos en \u00e1reas comerciales Toreo Parque Central Aislamiento ac\u00fastico y nivelaci\u00f3n de pisos\u00a0 Sector Residencial y Salud High Towers Elite Aislamiento ac\u00fastico y nivelaci\u00f3n de [&hellip;]","og_url":"https:\/\/plural.com.mx\/plural\/proyectos\/","og_site_name":"Comercializadora Plural","article_modified_time":"2019-03-28T19:56:09+00:00","og_image":[{"url":"https:\/\/plural.com.mx\/plural\/wp-content\/uploads\/2017\/09\/USG_logo-300x200.png","type":"","width":"","height":""}],"twitter_card":"summary_large_image","twitter_misc":{"Tiempo de lectura":"11 minutos"},"schema":{"@context":"https:\/\/schema.org","@graph":[{"@type":"WebPage","@id":"https:\/\/plural.com.mx\/plural\/proyectos\/","url":"https:\/\/plural.com.mx\/plural\/proyectos\/","name":"Proyectos - Comercializadora Plural","isPartOf":{"@id":"https:\/\/plural.com.mx\/plural\/#website"},"primaryImageOfPage":{"@id":"https:\/\/plural.com.mx\/plural\/proyectos\/#primaryimage"},"image":{"@id":"https:\/\/plural.com.mx\/plural\/proyectos\/#primaryimage"},"thumbnailUrl":"https:\/\/plural.com.mx\/plural\/wp-content\/uploads\/2017\/09\/USG_logo-300x200.png","datePublished":"2017-09-08T18:25:08+00:00","dateModified":"2019-03-28T19:56:09+00:00","breadcrumb":{"@id":"https:\/\/plural.com.mx\/plural\/proyectos\/#breadcrumb"},"inLanguage":"es","potentialAction":[{"@type":"ReadAction","target":["https:\/\/plural.com.mx\/plural\/proyectos\/"]}]},{"@type":"ImageObject","inLanguage":"es","@id":"https:\/\/plural.com.mx\/plural\/proyectos\/#primaryimage","url":"https:\/\/plural.com.mx\/plural\/wp-content\/uploads\/2017\/09\/USG_logo-300x200.png","contentUrl":"https:\/\/plural.com.mx\/plural\/wp-content\/uploads\/2017\/09\/USG_logo-300x200.png"},{"@type":"BreadcrumbList","@id":"https:\/\/plural.com.mx\/plural\/proyectos\/#breadcrumb","itemListElement":[{"@type":"ListItem","position":1,"name":"Inicio","item":"https:\/\/plural.com.mx\/plural\/"},{"@type":"ListItem","position":2,"name":"Proyectos"}]},{"@type":"WebSite","@id":"https:\/\/plural.com.mx\/plural\/#website","url":"https:\/\/plural.com.mx\/plural\/","name":"Comercializadora Plural","description":"Expertos en sistemas de nivelaci\u00f3n y ac\u00fastica de pisos","publisher":{"@id":"https:\/\/plural.com.mx\/plural\/#organization"},"potentialAction":[{"@type":"SearchAction","target":{"@type":"EntryPoint","urlTemplate":"https:\/\/plural.com.mx\/plural\/?s={search_term_string}"},"query-input":{"@type":"PropertyValueSpecification","valueRequired":true,"valueName":"search_term_string"}}],"inLanguage":"es"},{"@type":"Organization","@id":"https:\/\/plural.com.mx\/plural\/#organization","name":"Comercializadora Plural","url":"https:\/\/plural.com.mx\/plural\/","logo":{"@type":"ImageObject","inLanguage":"es","@id":"https:\/\/plural.com.mx\/plural\/#\/schema\/logo\/image\/","url":"https:\/\/plural.com.mx\/plural\/wp-content\/uploads\/2019\/04\/cropped-Plural500x190.png","contentUrl":"https:\/\/plural.com.mx\/plural\/wp-content\/uploads\/2019\/04\/cropped-Plural500x190.png","width":500,"height":190,"caption":"Comercializadora Plural"},"image":{"@id":"https:\/\/plural.com.mx\/plural\/#\/schema\/logo\/image\/"}}]}},"_links":{"self":[{"href":"https:\/\/plural.com.mx\/plural\/wp-json\/wp\/v2\/pages\/20","targetHints":{"allow":["GET"]}}],"collection":[{"href":"https:\/\/plural.com.mx\/plural\/wp-json\/wp\/v2\/pages"}],"about":[{"href":"https:\/\/plural.com.mx\/plural\/wp-json\/wp\/v2\/types\/page"}],"author":[{"embeddable":true,"href":"https:\/\/plural.com.mx\/plural\/wp-json\/wp\/v2\/users\/1"}],"replies":[{"embeddable":true,"href":"https:\/\/plural.com.mx\/plural\/wp-json\/wp\/v2\/comments?post=20"}],"version-history":[{"count":14,"href":"https:\/\/plural.com.mx\/plural\/wp-json\/wp\/v2\/pages\/20\/revisions"}],"predecessor-version":[{"id":325,"href":"https:\/\/plural.com.mx\/plural\/wp-json\/wp\/v2\/pages\/20\/revisions\/325"}],"wp:attachment":[{"href":"https:\/\/plural.com.mx\/plural\/wp-json\/wp\/v2\/media?parent=20"}],"curies":[{"name":"wp","href":"https:\/\/api.w.org\/{rel}","templated":true}]}}